{"id":500,"date":"2017-02-09T23:18:02","date_gmt":"2017-02-09T23:18:02","guid":{"rendered":"http:\/\/hubhardware.ca\/?page_id=500\/"},"modified":"2017-06-15T15:53:31","modified_gmt":"2017-06-15T15:53:31","slug":"a-propos","status":"publish","type":"page","link":"https:\/\/hubhardware.ca\/fr\/a-propos\/","title":{"rendered":"\u00c0 Propos"},"content":{"rendered":"<p>[vc_row][vc_column][vc_empty_space][\/vc_column][\/vc_row][vc_row type=\u00a0\u00bbvc_default\u00a0\u00bb full_width=\u00a0\u00bbstretch_row\u00a0\u00bb css=\u00a0\u00bb.vc_custom_1485785906803{background-position: center !important;background-repeat: no-repeat !important;background-size: cover !important;}\u00a0\u00bb][vc_column width=\u00a0\u00bb1\/12&Prime;][\/vc_column][vc_column width=\u00a0\u00bb5\/12&Prime;][vc_custom_heading text=\u00a0\u00bbNotre Histoire\u00a0\u00bb use_theme_fonts=\u00a0\u00bbyes\u00a0\u00bb][vc_column_text]Au coeur du village Beaurepaire, \u201cThe Hub\u201d fait partie int\u00e9grante de la communaut\u00e9, depuis 1948. Les historiens locaux attribuent \u00e0 Mel Carter, entrepreneur et propri\u00e9taire original, le d\u00e9veloppement d\u2019apr\u00e8s gu\u00e8re du centre commercial du village. C\u2019est en 1948 que M. Carter et son associ\u00e9 M. Bill Boxell, ont achet\u00e9 la terre et construit le magasin \u00e0 partir de rien. Ils ont m\u00eame creus\u00e9 leur propre puits.[\/vc_column_text][\/vc_column][vc_column width=\u00a0\u00bb5\/12&Prime;][vc_single_image image=\u00a0\u00bb387&Prime; img_size=\u00a0\u00bblarge\u00a0\u00bb style=\u00a0\u00bbvc_box_shadow_3d\u00a0\u00bb css_animation=\u00a0\u00bbfadeInRight\u00a0\u00bb][\/vc_column][vc_column width=\u00a0\u00bb1\/12&Prime;][\/vc_column][\/vc_row][vc_row type=\u00a0\u00bbvc_default\u00a0\u00bb full_width=\u00a0\u00bbstretch_row\u00a0\u00bb content_placement=\u00a0\u00bbmiddle\u00a0\u00bb css=\u00a0\u00bb.vc_custom_1484183868052{background-position: center !important;background-repeat: no-repeat !important;background-size: cover !important;}\u00a0\u00bb][vc_column width=\u00a0\u00bb1\/12&Prime;][\/vc_column][vc_column width=\u00a0\u00bb5\/12&Prime;][vc_single_image image=\u00a0\u00bb251&Prime; img_size=\u00a0\u00bblarge\u00a0\u00bb alignment=\u00a0\u00bbcenter\u00a0\u00bb style=\u00a0\u00bbvc_box_shadow_3d\u00a0\u00bb css_animation=\u00a0\u00bbfadeInLeft\u00a0\u00bb][\/vc_column][vc_column width=\u00a0\u00bb5\/12&Prime;][vc_column_text]\u201cThe Hub\u201d a chang\u00e9 de mains plusieurs fois au cours des ann\u00e9es (il a \u00e9t\u00e9 vendu \u00e0 M. Monet, puis M. Angier), et a finalement \u00e9t\u00e9 achet\u00e9 en 1992, par le propri\u00e9taire actuel, Stanley et Laima Rutkauskas. En 2001, Stan a achet\u00e9 le b\u00e2timent o\u00f9 \u00e9tait situ\u00e9 l\u2019ancient Perrette, et y a d\u00e9m\u00e9nag\u00e9 le magasin \u00e0 sa pr\u00e9sente location, 300 pieds \u00e0 l\u2019est de l\u2019ancienne, au coin de la rue St.Louis et boulevard Beaconsfield.<\/p>\n<p>Aujourd\u2019hui, \u201cThe Hub\u201d est devenu une Boutique Signature Benjamin Moore, offrant les meilleurs produits possible en peinture et d\u00e9coration. La client\u00e8le, qui a \u00e9t\u00e9 habitu\u00e9e, au cours des ann\u00e9es, \u00e0 re\u00e7evoir un service amical et personnalis\u00e9, n\u2019est pas d\u00e9sappoint\u00e9e, car Stan est fier de continuer cette tradition. Le magasin a cependant subi des changements importants: le choix de papiers peints a beaucoup augment\u00e9, nous vendons maintenant des tissus et d&rsquo;autre nouveau produits. Les services de peintures, confection, rembourage et installation de nos produits sont fournis par des gens de m\u00e9tier r\u00e9put\u00e9s et qualifi\u00e9s, recommand\u00e9s par nous.[\/vc_column_text][\/vc_column][vc_column width=\u00a0\u00bb1\/12&Prime;][\/vc_column][\/vc_row]<\/p>\n","protected":false},"excerpt":{"rendered":"<p>[vc_row][vc_column][vc_empty_space][\/vc_column][\/vc_row][vc_row type=\u00a0\u00bbvc_default\u00a0\u00bb full_width=\u00a0\u00bbstretch_row\u00a0\u00bb css=\u00a0\u00bb.vc_custom_1485785906803{background-position: center !important;background-repeat: no-repeat !important;background-size: cover !important;}\u00a0\u00bb][vc_column width=\u00a0\u00bb1\/12&Prime;][\/vc_column][vc_column width=\u00a0\u00bb5\/12&Prime;][vc_custom_heading text=\u00a0\u00bbNotre Histoire\u00a0\u00bb use_theme_fonts=\u00a0\u00bbyes\u00a0\u00bb][vc_column_text]Au coeur du village Beaurepaire, \u201cThe Hub\u201d fait partie int\u00e9grante de la communaut\u00e9, depuis 1948. Les historiens locaux attribuent \u00e0 Mel Carter, entrepreneur et propri\u00e9taire original, le d\u00e9veloppement d\u2019apr\u00e8s gu\u00e8re du centre commercial du village. C\u2019est en 1948 que M. Carter&hellip;<\/p>\n","protected":false},"author":1,"featured_media":0,"parent":0,"menu_order":0,"comment_status":"closed","ping_status":"closed","template":"template-microsite.php","meta":[],"class_list":["post-500","page","type-page","status-publish","hentry","description-off"],"_links":{"self":[{"href":"https:\/\/hubhardware.ca\/fr\/wp-json\/wp\/v2\/pages\/500\/"}],"collection":[{"href":"https:\/\/hubhardware.ca\/fr\/wp-json\/wp\/v2\/pages\/"}],"about":[{"href":"https:\/\/hubhardware.ca\/fr\/wp-json\/wp\/v2\/types\/page\/"}],"author":[{"embeddable":true,"href":"https:\/\/hubhardware.ca\/fr\/wp-json\/wp\/v2\/users\/1\/"}],"replies":[{"embeddable":true,"href":"https:\/\/hubhardware.ca\/fr\/wp-json\/wp\/v2\/comments\/?post=500"}],"version-history":[{"count":7,"href":"https:\/\/hubhardware.ca\/fr\/wp-json\/wp\/v2\/pages\/500\/revisions\/"}],"predecessor-version":[{"id":635,"href":"https:\/\/hubhardware.ca\/fr\/wp-json\/wp\/v2\/pages\/500\/revisions\/635\/"}],"wp:attachment":[{"href":"https:\/\/hubhardware.ca\/fr\/wp-json\/wp\/v2\/media\/?parent=500"}],"curies":[{"name":"wp","href":"https:\/\/api.w.org\/{rel}","templated":true}]}}