{"id":477,"date":"2017-02-09T20:38:29","date_gmt":"2017-02-09T20:38:29","guid":{"rendered":"http:\/\/hubhardware.ca\/?page_id=477\/"},"modified":"2023-11-03T14:39:05","modified_gmt":"2023-11-03T14:39:05","slug":"peinture","status":"publish","type":"page","link":"https:\/\/hubhardware.ca\/fr\/peinture\/","title":{"rendered":"Peinture"},"content":{"rendered":"<p>[vc_row][vc_column][vc_empty_space][\/vc_column][\/vc_row][vc_row type=\u00a0\u00bbvc_default\u00a0\u00bb full_width=\u00a0\u00bbstretch_row\u00a0\u00bb css=\u00a0\u00bb.vc_custom_1484183568349{background-image: url(http:\/\/hubhardware.ca\/wp-content\/uploads\/2017\/01\/paint-roller-bg.jpg?id=65) !important;background-position: center !important;background-repeat: no-repeat !important;background-size: cover !important;}\u00a0\u00bb][vc_column width=\u00a0\u00bb1\/12&Prime;][\/vc_column][vc_column width=\u00a0\u00bb5\/12&Prime; el_class=\u00a0\u00bbpaint_top\u00a0\u00bb][vc_custom_heading text=\u00a0\u00bbPeinture\u00a0\u00bb font_container=\u00a0\u00bbtag:h1|text_align:left\u00a0\u00bb use_theme_fonts=\u00a0\u00bbyes\u00a0\u00bb][vc_column_text]Prot\u00e9gez ce qui importe le plus avec de la peinture int\u00e9rieure\/ext\u00e9rieure qui dure longtemps, embellit et augmente la valeur de votre maison. Consultez-nous aujourd\u2019hui afin de choisir la bonne peinture ou teinture pour votre projet.[\/vc_column_text][\/vc_column][vc_column width=\u00a0\u00bb5\/12&Prime;][\/vc_column][vc_column width=\u00a0\u00bb1\/12&Prime;][\/vc_column][\/vc_row][vc_row][vc_column]<div id=\"ult-carousel-73201674869e4bfaf21034\" class=\"ult-carousel-wrapper   ult_horizontal\" data-gutter=\"15\" data-rtl=\"false\" ><div class=\"ult-carousel-94713053269e4bfaf20eff \" >[vc_single_image image=\u00a0\u00bb72&Prime;][vc_single_image image=\u00a0\u00bb72&Prime;][vc_single_image image=\u00a0\u00bb72&Prime;][vc_single_image image=\u00a0\u00bb72&Prime;][vc_single_image image=\u00a0\u00bb72&Prime;][vc_single_image image=\u00a0\u00bb72&Prime;][vc_single_image image=\u00a0\u00bb72&Prime;][vc_single_image image=\u00a0\u00bb72&Prime;]<\/div><\/div>            <script type=\"text\/javascript\">\r\n\t\t\t\tjQuery(document).ready(function($){\r\n               \t\t$('.ult-carousel-94713053269e4bfaf20eff').slick({dots: false,autoplay: true,autoplaySpeed: 5000,speed: 300,infinite: false,arrows: true,nextArrow: '<button type=\"button\" style=\"color:#333333; font-size:20px;\" class=\"slick-next default\"><i class=\"ultsl-arrow-right4\"><\/i><\/button>',prevArrow: '<button type=\"button\" style=\"color:#333333; font-size:20px;\" class=\"slick-prev default\"><i class=\"ultsl-arrow-left4\"><\/i><\/button>',slidesToScroll:5,slidesToShow:5,swipe: true,draggable: true,touchMove: true,responsive: [\r\n\t\t\t\t\t\t\t{\r\n\t\t\t\t\t\t\t  breakpoint: 1025,\r\n\t\t\t\t\t\t\t  settings: {\r\n\t\t\t\t\t\t\t\tslidesToShow: 5,\r\n\t\t\t\t\t\t\t\tslidesToScroll: 5,  \r\n\t\t\t\t\t\t\t  }\r\n\t\t\t\t\t\t\t},\r\n\t\t\t\t\t\t\t{\r\n\t\t\t\t\t\t\t  breakpoint: 769,\r\n\t\t\t\t\t\t\t  settings: {\r\n\t\t\t\t\t\t\t\tslidesToShow: 3,\r\n\t\t\t\t\t\t\t\tslidesToScroll: 3\r\n\t\t\t\t\t\t\t  }\r\n\t\t\t\t\t\t\t},\r\n\t\t\t\t\t\t\t{\r\n\t\t\t\t\t\t\t  breakpoint: 481,\r\n\t\t\t\t\t\t\t  settings: {\r\n\t\t\t\t\t\t\t\tslidesToShow: 2,\r\n\t\t\t\t\t\t\t\tslidesToScroll: 2\r\n\t\t\t\t\t\t\t  }\r\n\t\t\t\t\t\t\t}\r\n\t\t\t\t\t\t],pauseOnHover: true,\r\n\t\t\t\t\t\tpauseOnDotsHover: true,customPaging: function(slider, i) {\r\n                   return '<i type=\"button\" style=\"color:#333333;\" class=\"ultsl-record\" data-role=\"none\"><\/i>';\r\n                },});\r\n\t\t\t\t});\r\n\t\t\t<\/script>\r\n            [\/vc_column][\/vc_row][vc_row type=\u00a0\u00bbvc_default\u00a0\u00bb full_width=\u00a0\u00bbstretch_row\u00a0\u00bb content_placement=\u00a0\u00bbmiddle\u00a0\u00bb css=\u00a0\u00bb.vc_custom_1484183868052{background-position: center !important;background-repeat: no-repeat !important;background-size: cover !important;}\u00a0\u00bb][vc_column width=\u00a0\u00bb1\/12&Prime;][\/vc_column][vc_column width=\u00a0\u00bb5\/12&Prime;][vc_single_image image=\u00a0\u00bb150&Prime; img_size=\u00a0\u00bblarge\u00a0\u00bb alignment=\u00a0\u00bbcenter\u00a0\u00bb css_animation=\u00a0\u00bbfadeInLeft\u00a0\u00bb][\/vc_column][vc_column width=\u00a0\u00bb5\/12&Prime;][vc_custom_heading text=\u00a0\u00bbPeinture R\u00e9sidentiel\u00a0\u00bb font_container=\u00a0\u00bbtag:h1|text_align:left\u00a0\u00bb use_theme_fonts=\u00a0\u00bbyes\u00a0\u00bb][vc_column_text]<a href=\"https:\/\/www.benjaminmoore.com\/fr-ca\/interieures-exterieures-peintures-teintures\/catalogue-de-produits\/awip\/peinture-dinterieur-a-base-deau-auramd\" target=\"_blank\" rel=\"noopener noreferrer\"><strong>Aura<\/strong><\/a><br \/>\nLa meilleur facon de donner vie \u00e0 la couleur, Aura est issue de la technologie exclusive Colorafixe pour creer une couleur indeniablement plus riche et plus authentique<br \/>\n<a href=\"https:\/\/www.benjaminmoore.com\/fr-ca\/interieures-exterieures-peintures-teintures\/catalogue-de-produits\/rswip\/peinture-regalmd-select-dinterieur\" target=\"_blank\" rel=\"noopener noreferrer\"><strong>Regal<\/strong><\/a><br \/>\nUne marque sup\u00e9rieure qui procure un niveau de performance impeccable et fiable. Facilement lavable, elle est offerte dans un vaste choix\u00a0de couleurs et de finis<br \/>\n<a href=\"https:\/\/www.benjaminmoore.com\/fr-ca\/interieures-exterieures-peintures-teintures\/catalogue-de-produits\/bwip\/peinture-benmd-dinterieur\" target=\"_blank\" rel=\"noopener noreferrer\"><strong>Ben<\/strong><\/a><br \/>\nL\u2019introduction parfaite \u00e0 nos produits de qualit\u00e9 sup\u00e9rieure, ben offre une facilite d\u2019application et de retouche remarquable[\/vc_column_text][\/vc_column][vc_column width=\u00a0\u00bb1\/12&Prime;][\/vc_column][\/vc_row][vc_row type=\u00a0\u00bbvc_default\u00a0\u00bb full_width=\u00a0\u00bbstretch_row\u00a0\u00bb css=\u00a0\u00bb.vc_custom_1486651432616{background-position: center !important;background-repeat: no-repeat !important;background-size: cover !important;}\u00a0\u00bb][vc_column][vc_row_inner][vc_column_inner width=\u00a0\u00bb1\/12&Prime;][\/vc_column_inner][vc_column_inner width=\u00a0\u00bb5\/12&Prime;][vc_custom_heading text=\u00a0\u00bbPeinture Sp\u00e9cialit\u00e9\u00a0\u00bb font_container=\u00a0\u00bbtag:h1|text_align:left\u00a0\u00bb use_theme_fonts=\u00a0\u00bbyes\u00a0\u00bb][vc_column_text]\u00c9chantillons: Fini velout\u00e9 dans toutes les couleurs<br \/>\n<a href=\"https:\/\/www.benjaminmoore.com\/fr-ca\/interieures-exterieures-peintures-teintures\/catalogue-de-produits\/awiap\/advancemd-dinterieur\" target=\"_blank\" rel=\"noopener noreferrer\">Advance<\/a>: <span lang=\"fr\">Peinture de meubles et cabinets<br \/>\n<\/span><a href=\"https:\/\/www.benjaminmoore.com\/fr-ca\/interieures-exterieures-peintures-teintures\/catalogue-de-produits\/bmfs\/mails-latex-pour-planchers-et-patios\" target=\"_blank\" rel=\"noopener noreferrer\">Patio et Plancher<\/a>: Disponible dans toutes les couleurs<br \/>\n<a href=\"http:\/\/insl-x.ca\/fr-ca\/detail-de-la-produit\/insl-x\/garageguard\"><span lang=\"fr\">Garde de garage<\/span><\/a>: Peinture \u00e9poxy deux parties<br \/>\n<a href=\"http:\/\/insl-x.ca\/fr-ca\/liste-des-categories\/peinturespourpiscines\">Peinture Piscine<\/a>: Base de caoutchouc et eau<br \/>\n<a href=\"https:\/\/www.benjaminmoore.com\/fr-ca\/interieures-exterieures-peintures-teintures\/produits-vedettes\/apprets-d-interieur-et-d-exterieur\">Appr\u00eats<\/a>: Disponible pour toutes les surfaces<br \/>\n<a href=\"https:\/\/www.benjaminmoore.com\/fr-ca\/interieures-exterieures-peintures-teintures\/catalogue-de-produits\/bmaes\/teinture-dexterieur-de-premiere-qualite-arborcoatmd\" target=\"_blank\" rel=\"noopener noreferrer\">Teinture<\/a>: Teinture ext\u00e9rieur et int\u00e9rieur<\/p>\n<p><a href=\"https:\/\/www.benjaminmoore.com\/en-ca\/interior-exterior-paints-stains\/product-catalog\/ussxil\/ultra-spec-scuff-x-interior-latex\">Scuff-X<\/a><br \/>\nSteina\/Ready Seal, Miniwax et Saman est aussi disponible[\/vc_column_text][\/vc_column_inner][vc_column_inner width=\u00a0\u00bb5\/12&Prime;][vc_single_image image=\u00a0\u00bb213&Prime; img_size=\u00a0\u00bblarge\u00a0\u00bb alignment=\u00a0\u00bbcenter\u00a0\u00bb css_animation=\u00a0\u00bbfadeInRight\u00a0\u00bb][\/vc_column_inner][vc_column_inner width=\u00a0\u00bb1\/12&Prime;][\/vc_column_inner][\/vc_row_inner][\/vc_column][\/vc_row]<\/p>\n","protected":false},"excerpt":{"rendered":"<p>[vc_row][vc_column][vc_empty_space][\/vc_column][\/vc_row][vc_row type=\u00a0\u00bbvc_default\u00a0\u00bb full_width=\u00a0\u00bbstretch_row\u00a0\u00bb css=\u00a0\u00bb.vc_custom_1484183568349{background-image: url(http:\/\/hubhardware.ca\/wp-content\/uploads\/2017\/01\/paint-roller-bg.jpg?id=65) !important;background-position: center !important;background-repeat: no-repeat !important;background-size: cover !important;}\u00a0\u00bb][vc_column width=\u00a0\u00bb1\/12&Prime;][\/vc_column][vc_column width=\u00a0\u00bb5\/12&Prime; el_class=\u00a0\u00bbpaint_top\u00a0\u00bb][vc_custom_heading text=\u00a0\u00bbPeinture\u00a0\u00bb font_container=\u00a0\u00bbtag:h1|text_align:left\u00a0\u00bb use_theme_fonts=\u00a0\u00bbyes\u00a0\u00bb][vc_column_text]Prot\u00e9gez ce qui importe le plus avec de la peinture int\u00e9rieure\/ext\u00e9rieure qui dure longtemps, embellit et augmente la valeur de votre maison. Consultez-nous aujourd\u2019hui afin de choisir la bonne peinture ou teinture pour votre projet.[\/vc_column_text][\/vc_column][vc_column width=\u00a0\u00bb5\/12&Prime;][\/vc_column][vc_column width=\u00a0\u00bb1\/12&Prime;][\/vc_column][\/vc_row][vc_row][vc_column][\/vc_column][\/vc_row][vc_row type=\u00a0\u00bbvc_default\u00a0\u00bb&hellip;<\/p>\n","protected":false},"author":1,"featured_media":0,"parent":0,"menu_order":0,"comment_status":"closed","ping_status":"closed","template":"template-microsite.php","meta":[],"class_list":["post-477","page","type-page","status-publish","hentry","description-off"],"_links":{"self":[{"href":"https:\/\/hubhardware.ca\/fr\/wp-json\/wp\/v2\/pages\/477\/"}],"collection":[{"href":"https:\/\/hubhardware.ca\/fr\/wp-json\/wp\/v2\/pages\/"}],"about":[{"href":"https:\/\/hubhardware.ca\/fr\/wp-json\/wp\/v2\/types\/page\/"}],"author":[{"embeddable":true,"href":"https:\/\/hubhardware.ca\/fr\/wp-json\/wp\/v2\/users\/1\/"}],"replies":[{"embeddable":true,"href":"https:\/\/hubhardware.ca\/fr\/wp-json\/wp\/v2\/comments\/?post=477"}],"version-history":[{"count":15,"href":"https:\/\/hubhardware.ca\/fr\/wp-json\/wp\/v2\/pages\/477\/revisions\/"}],"predecessor-version":[{"id":1092,"href":"https:\/\/hubhardware.ca\/fr\/wp-json\/wp\/v2\/pages\/477\/revisions\/1092\/"}],"wp:attachment":[{"href":"https:\/\/hubhardware.ca\/fr\/wp-json\/wp\/v2\/media\/?parent=477"}],"curies":[{"name":"wp","href":"https:\/\/api.w.org\/{rel}","templated":true}]}}